{"id":80,"date":"2021-02-05T14:06:19","date_gmt":"2021-02-05T14:06:19","guid":{"rendered":"http:\/\/fast3.de\/?page_id=80"},"modified":"2021-02-05T14:16:20","modified_gmt":"2021-02-05T14:16:20","slug":"unsere-leistungen","status":"publish","type":"page","link":"https:\/\/fast3.de\/?page_id=80","title":{"rendered":"Unsere Leistungen"},"content":{"rendered":"<p>Unsere Leistungen sind sehr vielf\u00e4ltig. Sie umfassen alle speziellen Ingenieurleistungen im Bereich der <strong>Bauproduktbewertung<\/strong>, Beurteilung von Bauprodukten,<strong> Berechnung und Bemessung<\/strong> von Bauprodukten sowie die Konzepterstellung f\u00fcr die <strong>Bauwerkssanierung<\/strong>.<\/p>\n<ul>\n<li>Befestigungen in Beton<\/li>\n<li>Stahlbeton und Spannbeton<\/li>\n<li>Bewehrung- und Bewehrungsmodule<\/li>\n<li>Bauwerksverst\u00e4rkung<\/li>\n<li>Befestigungen in Natursteinen<\/li>\n<li>Korrosionssch\u00e4den<\/li>\n<li>Brandbelastung<\/li>\n<li>Befestigungen in Mauerwerk<\/li>\n<li>Bauschadensanalyse<\/li>\n<li>Nationale Zulassungsverfahren (DIBt)<\/li>\n<li>Internationale <strong>Zulassungsverfahren<\/strong><\/li>\n<li>Richtlinienentwicklung (EAD)<\/li>\n<li><strong>Bauvorhaben bezogene<\/strong> Zulassungs- und Bewertungsverfahren<\/li>\n<li><strong>Schadensanalyse<\/strong> von Bauwerken<\/li>\n<li>Verst\u00e4rkungskonzepte<\/li>\n<li>Beurteilungen f\u00fcr Brandbeanspruchung<\/li>\n<li>Beurteilung f\u00fcr au\u00dfergew\u00f6hnliche<\/li>\n<li>Beanspruchungen<\/li>\n<li><strong>Sicherheitskonzepte<\/strong><\/li>\n<li>&#8230;<\/li>\n<\/ul>\n<p>Wir haben auch spezielle Erfahrungen im Beriech des Qualit\u00e4tsmanagement und Versuche am Bauwerk.<\/p>\n<ul>\n<li>Qualit\u00e4ts\u00fcberwachung<\/li>\n<li>Qualit\u00e4tsmanagement<\/li>\n<li>Versuche am Bauwerk<\/li>\n<li>Materialpr\u00fcfungen<\/li>\n<li>Probebelastungen<\/li>\n<li>&#8230;<\/li>\n<\/ul>\n<p>Auch die Numerische Berechnung und Softwarepr\u00fcfung sowie die Softwarevalidierung geh\u00f6rt zu einem Spezialgebiet von uns.<\/p>\n<ul>\n<li>Numerische Simulationen<\/li>\n<li>Schulungen und<\/li>\n<li>Schulungsunterlagen<\/li>\n<li>Softwarepr\u00fcfungen<\/li>\n<li>Softwaresupport<\/li>\n<li>&#8230;<\/li>\n<\/ul>\n","protected":false},"excerpt":{"rendered":"<p>Unsere Leistungen sind sehr vielf\u00e4ltig. Sie umfassen alle speziellen Ingenieurleistungen im Bereich der Bauproduktbewertung, Beurteilung von Bauprodukten, Berechnung und Bemessung von Bauprodukten sowie die Konzepterstellung f\u00fcr die Bauwerkssanierung. Befestigungen in [&hellip;]<\/p>\n","protected":false},"author":1,"featured_media":0,"parent":0,"menu_order":0,"comment_status":"closed","ping_status":"closed","template":"","meta":[],"_links":{"self":[{"href":"https:\/\/fast3.de\/index.php?rest_route=\/wp\/v2\/pages\/80"}],"collection":[{"href":"https:\/\/fast3.de\/index.php?rest_route=\/wp\/v2\/pages"}],"about":[{"href":"https:\/\/fast3.de\/index.php?rest_route=\/wp\/v2\/types\/page"}],"author":[{"embeddable":true,"href":"https:\/\/fast3.de\/index.php?rest_route=\/wp\/v2\/users\/1"}],"replies":[{"embeddable":true,"href":"https:\/\/fast3.de\/index.php?rest_route=%2Fwp%2Fv2%2Fcomments&post=80"}],"version-history":[{"count":3,"href":"https:\/\/fast3.de\/index.php?rest_route=\/wp\/v2\/pages\/80\/revisions"}],"predecessor-version":[{"id":85,"href":"https:\/\/fast3.de\/index.php?rest_route=\/wp\/v2\/pages\/80\/revisions\/85"}],"wp:attachment":[{"href":"https:\/\/fast3.de\/index.php?rest_route=%2Fwp%2Fv2%2Fmedia&parent=80"}],"curies":[{"name":"wp","href":"https:\/\/api.w.org\/{rel}","templated":true}]}}