{"id":2,"date":"2016-05-10T03:48:21","date_gmt":"2016-05-10T03:48:21","guid":{"rendered":"http:\/\/fast3.de\/?page_id=2"},"modified":"2021-02-05T13:59:10","modified_gmt":"2021-02-05T13:59:10","slug":"sample-page","status":"publish","type":"page","link":"https:\/\/fast3.de\/?page_id=2","title":{"rendered":"\u00dcber uns"},"content":{"rendered":"<p>Die Fast Solution ist ein Technologie Gr\u00fcnder Zentrum der TTI GmbH in Stuttgart und damit eine Ausgr\u00fcndung an der Uni Stuttgart.<\/p>\n<p>Wir sind ein kleines Start Up im Bereich <strong>Fa<\/strong>stenings, <strong>S<\/strong>trengthening and <strong>T<\/strong>eaching (FAST). Unser Ziel ist es alle Dienstleistungen\u00a0 rund um die Befestigungstechnik, das Verst\u00e4rken von Bauwerken und Bauschadensbegutachtung aus einer Hand anzubieten.<\/p>\n<p>Dazu koordinieren wir einen gro\u00dfen Kreis an unterschiedlichen Experten, Pr\u00fcfinstituten und Beh\u00f6rden und arbeiten zusammen mit diesen an der L\u00f6sung Ihrer Problemstellung.<\/p>\n<p>Wenn wir Ihr Interesse geweckt haben, melden Sie sich bei uns unter:<\/p>\n<p><strong>info@fast3.de <\/strong>oder unter<strong> +49.711.6856.3320\u00a0<\/strong><\/p>\n","protected":false},"excerpt":{"rendered":"<p>Die Fast Solution ist ein Technologie Gr\u00fcnder Zentrum der TTI GmbH in Stuttgart und damit eine Ausgr\u00fcndung an der Uni Stuttgart. Wir sind ein kleines Start Up im Bereich Fastenings, [&hellip;]<\/p>\n","protected":false},"author":1,"featured_media":0,"parent":0,"menu_order":0,"comment_status":"closed","ping_status":"open","template":"","meta":[],"_links":{"self":[{"href":"https:\/\/fast3.de\/index.php?rest_route=\/wp\/v2\/pages\/2"}],"collection":[{"href":"https:\/\/fast3.de\/index.php?rest_route=\/wp\/v2\/pages"}],"about":[{"href":"https:\/\/fast3.de\/index.php?rest_route=\/wp\/v2\/types\/page"}],"author":[{"embeddable":true,"href":"https:\/\/fast3.de\/index.php?rest_route=\/wp\/v2\/users\/1"}],"replies":[{"embeddable":true,"href":"https:\/\/fast3.de\/index.php?rest_route=%2Fwp%2Fv2%2Fcomments&post=2"}],"version-history":[{"count":6,"href":"https:\/\/fast3.de\/index.php?rest_route=\/wp\/v2\/pages\/2\/revisions"}],"predecessor-version":[{"id":76,"href":"https:\/\/fast3.de\/index.php?rest_route=\/wp\/v2\/pages\/2\/revisions\/76"}],"wp:attachment":[{"href":"https:\/\/fast3.de\/index.php?rest_route=%2Fwp%2Fv2%2Fmedia&parent=2"}],"curies":[{"name":"wp","href":"https:\/\/api.w.org\/{rel}","templated":true}]}}